{"id":4271,"date":"2024-07-02T20:25:48","date_gmt":"2024-07-02T20:25:48","guid":{"rendered":"https:\/\/silenebricet.com\/?page_id=4271"},"modified":"2024-10-03T19:35:46","modified_gmt":"2024-10-03T19:35:46","slug":"acupuncture-clapman","status":"publish","type":"page","link":"https:\/\/silenebricet.com\/fr\/acupuncture-clapman\/","title":{"rendered":"Acupuncture in Clapman"},"content":{"rendered":"<div data-elementor-type=\"wp-post\" data-elementor-id=\"4271\" class=\"elementor elementor-4271\">\n\t\t\t\t\t\t<section class=\"elementor-section elementor-top-section elementor-element elementor-element-ea80ca6 elementor-section-content-middle elementor-section-boxed elementor-section-height-default elementor-section-height-default\" data-id=\"ea80ca6\" data-element_type=\"section\" data-e-type=\"section\" data-settings=\"{&quot;background_background&quot;:&quot;classic&quot;}\">\n\t\t\t\t\t\t\t<div class=\"elementor-background-overlay\"><\/div>\n\t\t\t\t\t\t\t<div class=\"elementor-container elementor-column-gap-no\">\n\t\t\t\t\t<div class=\"elementor-column elementor-col-100 elementor-top-column elementor-element elementor-element-7bc9e63\" data-id=\"7bc9e63\" data-element_type=\"column\" data-e-type=\"column\">\n\t\t\t<div class=\"elementor-widget-wrap elementor-element-populated\">\n\t\t\t\t\t\t<div class=\"elementor-element elementor-element-c69c2ca elementor-widget elementor-widget-heading\" data-id=\"c69c2ca\" data-element_type=\"widget\" data-e-type=\"widget\" data-widget_type=\"heading.default\">\n\t\t\t\t<div class=\"elementor-widget-container\">\n\t\t\t\t\t<h1 class=\"elementor-heading-title elementor-size-default\">Acupuncture, Clapham SW4<\/h1>\t\t\t\t<\/div>\n\t\t\t\t<\/div>\n\t\t\t\t\t<\/div>\n\t\t<\/div>\n\t\t\t\t\t<\/div>\n\t\t<\/section>\n\t\t\t\t<section class=\"elementor-section elementor-top-section elementor-element elementor-element-eb980ae elementor-section-boxed elementor-section-height-default elementor-section-height-default\" data-id=\"eb980ae\" data-element_type=\"section\" data-e-type=\"section\">\n\t\t\t\t\t\t<div class=\"elementor-container elementor-column-gap-default\">\n\t\t\t\t\t<div class=\"elementor-column elementor-col-50 elementor-top-column elementor-element elementor-element-fb88120\" data-id=\"fb88120\" data-element_type=\"column\" data-e-type=\"column\">\n\t\t\t<div class=\"elementor-widget-wrap elementor-element-populated\">\n\t\t\t\t\t\t<div class=\"elementor-element elementor-element-c83924e elementor-widget elementor-widget-spacer\" data-id=\"c83924e\" data-element_type=\"widget\" data-e-type=\"widget\" data-widget_type=\"spacer.default\">\n\t\t\t\t<div class=\"elementor-widget-container\">\n\t\t\t\t\t\t\t<div class=\"elementor-spacer\">\n\t\t\t<div class=\"elementor-spacer-inner\"><\/div>\n\t\t<\/div>\n\t\t\t\t\t\t<\/div>\n\t\t\t\t<\/div>\n\t\t\t\t<div class=\"elementor-element elementor-element-84da613 elementor-widget elementor-widget-heading\" data-id=\"84da613\" data-element_type=\"widget\" data-e-type=\"widget\" data-widget_type=\"heading.default\">\n\t\t\t\t<div class=\"elementor-widget-container\">\n\t\t\t\t\t<h2 class=\"elementor-heading-title elementor-size-default\">Clinique d'acupuncture de fertilit\u00e9, Clapham<\/h2>\t\t\t\t<\/div>\n\t\t\t\t<\/div>\n\t\t\t\t<div class=\"elementor-element elementor-element-6b825fc elementor-widget__width-initial elementor-widget elementor-widget-text-editor\" data-id=\"6b825fc\" data-element_type=\"widget\" data-e-type=\"widget\" data-widget_type=\"text-editor.default\">\n\t\t\t\t<div class=\"elementor-widget-container\">\n\t\t\t\t\t\t\t\t\t<p>The Light Centre,<br \/>151 Clapham High Street,<br \/>Clapham, London, SW4 7SS<\/p>\t\t\t\t\t\t\t\t<\/div>\n\t\t\t\t<\/div>\n\t\t\t\t<div class=\"elementor-element elementor-element-b5532d1 elementor-widget elementor-widget-spacer\" data-id=\"b5532d1\" data-element_type=\"widget\" data-e-type=\"widget\" data-widget_type=\"spacer.default\">\n\t\t\t\t<div class=\"elementor-widget-container\">\n\t\t\t\t\t\t\t<div class=\"elementor-spacer\">\n\t\t\t<div class=\"elementor-spacer-inner\"><\/div>\n\t\t<\/div>\n\t\t\t\t\t\t<\/div>\n\t\t\t\t<\/div>\n\t\t\t\t<div class=\"elementor-element elementor-element-0010dac elementor-widget elementor-widget-text-editor\" data-id=\"0010dac\" data-element_type=\"widget\" data-e-type=\"widget\" data-widget_type=\"text-editor.default\">\n\t\t\t\t<div class=\"elementor-widget-container\">\n\t\t\t\t\t\t\t\t\t<p>Gare la plus proche : Clapham Common.<\/p>\n<p>Liaisons de transport faciles depuis : Clapham North, Clapham South, Clapham Junction, Brixton, Battersea, Wandsworth, Balham et Tooting.<\/p>\n<p><\/p>\n<p class=\"\">Le m\u00e9tro Clapham Common est \u00e0 3 minutes \u00e0 pied ou \u00e0 quelques minutes en bus de Clapham Junction.<\/p>\n<p class=\"\">Parking : Il y a 2 heures de stationnement gratuit dans le parking Sainsburys \u00e0 moins d'une minute.<\/p>\t\t\t\t\t\t\t\t<\/div>\n\t\t\t\t<\/div>\n\t\t\t\t<div class=\"elementor-element elementor-element-69c5ea2 elementor-align-left elementor-widget elementor-widget-button\" data-id=\"69c5ea2\" data-element_type=\"widget\" data-e-type=\"widget\" data-widget_type=\"button.default\">\n\t\t\t\t<div class=\"elementor-widget-container\">\n\t\t\t\t\t\t\t\t\t<div class=\"elementor-button-wrapper\">\n\t\t\t\t\t<a class=\"elementor-button elementor-button-link elementor-size-sm\" href=\"https:\/\/silenebricet.com\/fr\/discovery-call\/\">\n\t\t\t\t\t\t<span class=\"elementor-button-content-wrapper\">\n\t\t\t\t\t\t\t\t\t<span class=\"elementor-button-text\">R\u00e9servez un appel d\u00e9couverte gratuit de 15 minutes<\/span>\n\t\t\t\t\t<\/span>\n\t\t\t\t\t<\/a>\n\t\t\t\t<\/div>\n\t\t\t\t\t\t\t\t<\/div>\n\t\t\t\t<\/div>\n\t\t\t\t<div class=\"elementor-element elementor-element-44641fd elementor-align-left elementor-widget elementor-widget-button\" data-id=\"44641fd\" data-element_type=\"widget\" data-e-type=\"widget\" data-widget_type=\"button.default\">\n\t\t\t\t<div class=\"elementor-widget-container\">\n\t\t\t\t\t\t\t\t\t<div class=\"elementor-button-wrapper\">\n\t\t\t\t\t<a class=\"elementor-button elementor-button-link elementor-size-sm\" href=\"https:\/\/silenebricet.com\/fr\/bookings\/\">\n\t\t\t\t\t\t<span class=\"elementor-button-content-wrapper\">\n\t\t\t\t\t\t\t\t\t<span class=\"elementor-button-text\">Prendre Rendez-vous<\/span>\n\t\t\t\t\t<\/span>\n\t\t\t\t\t<\/a>\n\t\t\t\t<\/div>\n\t\t\t\t\t\t\t\t<\/div>\n\t\t\t\t<\/div>\n\t\t\t\t<div class=\"elementor-element elementor-element-36c8d35 elementor-widget elementor-widget-spacer\" data-id=\"36c8d35\" data-element_type=\"widget\" data-e-type=\"widget\" data-widget_type=\"spacer.default\">\n\t\t\t\t<div class=\"elementor-widget-container\">\n\t\t\t\t\t\t\t<div class=\"elementor-spacer\">\n\t\t\t<div class=\"elementor-spacer-inner\"><\/div>\n\t\t<\/div>\n\t\t\t\t\t\t<\/div>\n\t\t\t\t<\/div>\n\t\t\t\t\t<\/div>\n\t\t<\/div>\n\t\t\t\t<div class=\"elementor-column elementor-col-50 elementor-top-column elementor-element elementor-element-bd277eb\" data-id=\"bd277eb\" data-element_type=\"column\" data-e-type=\"column\">\n\t\t\t<div class=\"elementor-widget-wrap elementor-element-populated\">\n\t\t\t\t\t\t<div class=\"elementor-element elementor-element-9f47b08 elementor-widget elementor-widget-spacer\" data-id=\"9f47b08\" data-element_type=\"widget\" data-e-type=\"widget\" data-widget_type=\"spacer.default\">\n\t\t\t\t<div class=\"elementor-widget-container\">\n\t\t\t\t\t\t\t<div class=\"elementor-spacer\">\n\t\t\t<div class=\"elementor-spacer-inner\"><\/div>\n\t\t<\/div>\n\t\t\t\t\t\t<\/div>\n\t\t\t\t<\/div>\n\t\t\t\t<div class=\"elementor-element elementor-element-80607ef elementor-widget elementor-widget-google_maps\" data-id=\"80607ef\" data-element_type=\"widget\" data-e-type=\"widget\" data-widget_type=\"google_maps.default\">\n\t\t\t\t<div class=\"elementor-widget-container\">\n\t\t\t\t\t\t\t<div class=\"elementor-custom-embed\">\n\t\t\t<iframe loading=\"lazy\"\n\t\t\t\t\tsrc=\"https:\/\/maps.google.com\/maps?q=Silene%20Bricet&#038;t=m&#038;z=10&#038;output=embed&#038;iwloc=near\"\n\t\t\t\t\ttitle=\"Silene Bricet\"\n\t\t\t\t\taria-label=\"Silene Bricet\"\n\t\t\t><\/iframe>\n\t\t<\/div>\n\t\t\t\t\t\t<\/div>\n\t\t\t\t<\/div>\n\t\t\t\t\t<\/div>\n\t\t<\/div>\n\t\t\t\t\t<\/div>\n\t\t<\/section>\n\t\t\t\t<\/div>","protected":false},"excerpt":{"rendered":"<p>Acupuncture, Clapham SW4 Fertility Acupuncture Clinic, Clapham The Light Centre,151 Clapham High Street,Clapham, London, SW4 7SS Nearest Station: Clapham Common. Easy transport links from: Clapham North, Clapham South, Clapham Junction, Brixton, Battersea, Wandsworth, Balham and Tooting. Clapham Common underground is a 3-minute walk away, or a short bus ride from Clapham Junction. Parking: There is [&hellip;]<\/p>\n","protected":false},"author":2,"featured_media":0,"parent":0,"menu_order":0,"comment_status":"closed","ping_status":"closed","template":"","meta":{"nf_dc_page":"","site-sidebar-layout":"no-sidebar","site-content-layout":"page-builder","ast-site-content-layout":"full-width-container","site-content-style":"unboxed","site-sidebar-style":"unboxed","ast-global-header-display":"","ast-banner-title-visibility":"","ast-main-header-display":"","ast-hfb-above-header-display":"","ast-hfb-below-header-display":"","ast-hfb-mobile-header-display":"","site-post-title":"disabled","ast-breadcrumbs-content":"","ast-featured-img":"disabled","footer-sml-layout":"","ast-disable-related-posts":"","theme-transparent-header-meta":"enabled","adv-header-id-meta":"","stick-header-meta":"","header-above-stick-meta":"","header-main-stick-meta":"","header-below-stick-meta":"","astra-migrate-meta-layouts":"set","ast-page-background-enabled":"default","ast-page-background-meta":{"desktop":{"background-color":"","background-image":"","background-repeat":"repeat","background-position":"center center","background-size":"auto","background-attachment":"scroll","background-type":"","background-media":"","overlay-type":"","overlay-color":"","overlay-opacity":"","overlay-gradient":""},"tablet":{"background-color":"","background-image":"","background-repeat":"repeat","background-position":"center center","background-size":"auto","background-attachment":"scroll","background-type":"","background-media":"","overlay-type":"","overlay-color":"","overlay-opacity":"","overlay-gradient":""},"mobile":{"background-color":"","background-image":"","background-repeat":"repeat","background-position":"center center","background-size":"auto","background-attachment":"scroll","background-type":"","background-media":"","overlay-type":"","overlay-color":"","overlay-opacity":"","overlay-gradient":""}},"ast-content-background-meta":{"desktop":{"background-color":"var(--ast-global-color-5)","background-image":"","background-repeat":"repeat","background-position":"center center","background-size":"auto","background-attachment":"scroll","background-type":"","background-media":"","overlay-type":"","overlay-color":"","overlay-opacity":"","overlay-gradient":""},"tablet":{"background-color":"var(--ast-global-color-5)","background-image":"","background-repeat":"repeat","background-position":"center center","background-size":"auto","background-attachment":"scroll","background-type":"","background-media":"","overlay-type":"","overlay-color":"","overlay-opacity":"","overlay-gradient":""},"mobile":{"background-color":"var(--ast-global-color-5)","background-image":"","background-repeat":"repeat","background-position":"center center","background-size":"auto","background-attachment":"scroll","background-type":"","background-media":"","overlay-type":"","overlay-color":"","overlay-opacity":"","overlay-gradient":""}},"footnotes":""},"class_list":["post-4271","page","type-page","status-publish","hentry"],"yoast_head":"<!-- This site is optimized with the Yoast SEO plugin v27.4 - https:\/\/yoast.com\/product\/yoast-seo-wordpress\/ -->\n<title>Acupuncture Clapham - with Silene Bricet Fertility Specialist<\/title>\n<meta name=\"description\" content=\"Acupuncture Clapham with Silene to find out more about fertility acupuncture, fertility massage &amp; other natural therapies for fertility.\" \/>\n<meta name=\"robots\" content=\"index, follow, max-snippet:-1, max-image-preview:large, max-video-preview:-1\" \/>\n<link rel=\"canonical\" href=\"https:\/\/silenebricet.com\/fr\/acupuncture-clapman\/\" \/>\n<meta property=\"og:locale\" content=\"fr_FR\" \/>\n<meta property=\"og:type\" content=\"article\" \/>\n<meta property=\"og:title\" content=\"Acupuncture Clapham - with Silene Bricet Fertility Specialist\" \/>\n<meta property=\"og:description\" content=\"Acupuncture Clapham with Silene to find out more about fertility acupuncture, fertility massage &amp; other natural therapies for fertility.\" \/>\n<meta property=\"og:url\" content=\"https:\/\/silenebricet.com\/fr\/acupuncture-clapman\/\" \/>\n<meta property=\"og:site_name\" content=\"acupuncture, fertility massage, clapham\" \/>\n<meta property=\"article:publisher\" content=\"https:\/\/www.facebook.com\/sil.bricet\/\" \/>\n<meta property=\"article:modified_time\" content=\"2024-10-03T19:35:46+00:00\" \/>\n<meta name=\"twitter:card\" content=\"summary_large_image\" \/>\n<meta name=\"twitter:label1\" content=\"Dur\u00e9e de lecture estim\u00e9e\" \/>\n\t<meta name=\"twitter:data1\" content=\"1 minute\" \/>\n<script type=\"application\/ld+json\" class=\"yoast-schema-graph\">{\"@context\":\"https:\\\/\\\/schema.org\",\"@graph\":[{\"@type\":\"WebPage\",\"@id\":\"https:\\\/\\\/silenebricet.com\\\/acupuncture-clapman\\\/\",\"url\":\"https:\\\/\\\/silenebricet.com\\\/acupuncture-clapman\\\/\",\"name\":\"Acupuncture Clapham - with Silene Bricet Fertility Specialist\",\"isPartOf\":{\"@id\":\"https:\\\/\\\/silenebricet.com\\\/#website\"},\"datePublished\":\"2024-07-02T20:25:48+00:00\",\"dateModified\":\"2024-10-03T19:35:46+00:00\",\"description\":\"Acupuncture Clapham with Silene to find out more about fertility acupuncture, fertility massage & other natural therapies for fertility.\",\"breadcrumb\":{\"@id\":\"https:\\\/\\\/silenebricet.com\\\/acupuncture-clapman\\\/#breadcrumb\"},\"inLanguage\":\"fr-FR\",\"potentialAction\":[{\"@type\":\"ReadAction\",\"target\":[\"https:\\\/\\\/silenebricet.com\\\/acupuncture-clapman\\\/\"]}]},{\"@type\":\"BreadcrumbList\",\"@id\":\"https:\\\/\\\/silenebricet.com\\\/acupuncture-clapman\\\/#breadcrumb\",\"itemListElement\":[{\"@type\":\"ListItem\",\"position\":1,\"name\":\"Home\",\"item\":\"https:\\\/\\\/silenebricet.com\\\/\"},{\"@type\":\"ListItem\",\"position\":2,\"name\":\"Acupuncture in Clapman\"}]},{\"@type\":\"WebSite\",\"@id\":\"https:\\\/\\\/silenebricet.com\\\/#website\",\"url\":\"https:\\\/\\\/silenebricet.com\\\/\",\"name\":\"acupuncture, fertility massage, clapham\",\"description\":\"With 15 years of experience, Silene Bricet has a special interest  in women&#039;s health\",\"publisher\":{\"@id\":\"https:\\\/\\\/silenebricet.com\\\/#organization\"},\"potentialAction\":[{\"@type\":\"SearchAction\",\"target\":{\"@type\":\"EntryPoint\",\"urlTemplate\":\"https:\\\/\\\/silenebricet.com\\\/?s={search_term_string}\"},\"query-input\":{\"@type\":\"PropertyValueSpecification\",\"valueRequired\":true,\"valueName\":\"search_term_string\"}}],\"inLanguage\":\"fr-FR\"},{\"@type\":\"Organization\",\"@id\":\"https:\\\/\\\/silenebricet.com\\\/#organization\",\"name\":\"Silene Bricet\",\"url\":\"https:\\\/\\\/silenebricet.com\\\/\",\"logo\":{\"@type\":\"ImageObject\",\"inLanguage\":\"fr-FR\",\"@id\":\"https:\\\/\\\/silenebricet.com\\\/#\\\/schema\\\/logo\\\/image\\\/\",\"url\":\"https:\\\/\\\/silenebricet.com\\\/wp-content\\\/uploads\\\/2024\\\/06\\\/cropped-Silene-Bricet-Logo-Design-Favicon.png\",\"contentUrl\":\"https:\\\/\\\/silenebricet.com\\\/wp-content\\\/uploads\\\/2024\\\/06\\\/cropped-Silene-Bricet-Logo-Design-Favicon.png\",\"width\":512,\"height\":512,\"caption\":\"Silene Bricet\"},\"image\":{\"@id\":\"https:\\\/\\\/silenebricet.com\\\/#\\\/schema\\\/logo\\\/image\\\/\"},\"sameAs\":[\"https:\\\/\\\/www.facebook.com\\\/sil.bricet\\\/\",\"https:\\\/\\\/www.youtube.com\\\/channel\\\/UC8RYRIMdNtCpC6mxuAmS8IQ\",\"https:\\\/\\\/www.instagram.com\\\/silenebricet\\\/\"]}]}<\/script>\n<!-- \/ Yoast SEO plugin. -->","yoast_head_json":{"title":"Acupuncture Clapham - with Silene Bricet Fertility Specialist","description":"Acupuncture Clapham with Silene to find out more about fertility acupuncture, fertility massage & other natural therapies for fertility.","robots":{"index":"index","follow":"follow","max-snippet":"max-snippet:-1","max-image-preview":"max-image-preview:large","max-video-preview":"max-video-preview:-1"},"canonical":"https:\/\/silenebricet.com\/fr\/acupuncture-clapman\/","og_locale":"fr_FR","og_type":"article","og_title":"Acupuncture Clapham - with Silene Bricet Fertility Specialist","og_description":"Acupuncture Clapham with Silene to find out more about fertility acupuncture, fertility massage & other natural therapies for fertility.","og_url":"https:\/\/silenebricet.com\/fr\/acupuncture-clapman\/","og_site_name":"acupuncture, fertility massage, clapham","article_publisher":"https:\/\/www.facebook.com\/sil.bricet\/","article_modified_time":"2024-10-03T19:35:46+00:00","twitter_card":"summary_large_image","twitter_misc":{"Dur\u00e9e de lecture estim\u00e9e":"1 minute"},"schema":{"@context":"https:\/\/schema.org","@graph":[{"@type":"WebPage","@id":"https:\/\/silenebricet.com\/acupuncture-clapman\/","url":"https:\/\/silenebricet.com\/acupuncture-clapman\/","name":"Acupuncture Clapham - with Silene Bricet Fertility Specialist","isPartOf":{"@id":"https:\/\/silenebricet.com\/#website"},"datePublished":"2024-07-02T20:25:48+00:00","dateModified":"2024-10-03T19:35:46+00:00","description":"Acupuncture Clapham with Silene to find out more about fertility acupuncture, fertility massage & other natural therapies for fertility.","breadcrumb":{"@id":"https:\/\/silenebricet.com\/acupuncture-clapman\/#breadcrumb"},"inLanguage":"fr-FR","potentialAction":[{"@type":"ReadAction","target":["https:\/\/silenebricet.com\/acupuncture-clapman\/"]}]},{"@type":"BreadcrumbList","@id":"https:\/\/silenebricet.com\/acupuncture-clapman\/#breadcrumb","itemListElement":[{"@type":"ListItem","position":1,"name":"Home","item":"https:\/\/silenebricet.com\/"},{"@type":"ListItem","position":2,"name":"Acupuncture in Clapman"}]},{"@type":"WebSite","@id":"https:\/\/silenebricet.com\/#website","url":"https:\/\/silenebricet.com\/","name":"acupuncture, fertility massage, clapham","description":"With 15 years of experience, Silene Bricet has a special interest  in women&#039;s health","publisher":{"@id":"https:\/\/silenebricet.com\/#organization"},"potentialAction":[{"@type":"SearchAction","target":{"@type":"EntryPoint","urlTemplate":"https:\/\/silenebricet.com\/?s={search_term_string}"},"query-input":{"@type":"PropertyValueSpecification","valueRequired":true,"valueName":"search_term_string"}}],"inLanguage":"fr-FR"},{"@type":"Organization","@id":"https:\/\/silenebricet.com\/#organization","name":"Silene Bricet","url":"https:\/\/silenebricet.com\/","logo":{"@type":"ImageObject","inLanguage":"fr-FR","@id":"https:\/\/silenebricet.com\/#\/schema\/logo\/image\/","url":"https:\/\/silenebricet.com\/wp-content\/uploads\/2024\/06\/cropped-Silene-Bricet-Logo-Design-Favicon.png","contentUrl":"https:\/\/silenebricet.com\/wp-content\/uploads\/2024\/06\/cropped-Silene-Bricet-Logo-Design-Favicon.png","width":512,"height":512,"caption":"Silene Bricet"},"image":{"@id":"https:\/\/silenebricet.com\/#\/schema\/logo\/image\/"},"sameAs":["https:\/\/www.facebook.com\/sil.bricet\/","https:\/\/www.youtube.com\/channel\/UC8RYRIMdNtCpC6mxuAmS8IQ","https:\/\/www.instagram.com\/silenebricet\/"]}]}},"_links":{"self":[{"href":"https:\/\/silenebricet.com\/fr\/wp-json\/wp\/v2\/pages\/4271","targetHints":{"allow":["GET"]}}],"collection":[{"href":"https:\/\/silenebricet.com\/fr\/wp-json\/wp\/v2\/pages"}],"about":[{"href":"https:\/\/silenebricet.com\/fr\/wp-json\/wp\/v2\/types\/page"}],"author":[{"embeddable":true,"href":"https:\/\/silenebricet.com\/fr\/wp-json\/wp\/v2\/users\/2"}],"replies":[{"embeddable":true,"href":"https:\/\/silenebricet.com\/fr\/wp-json\/wp\/v2\/comments?post=4271"}],"version-history":[{"count":5,"href":"https:\/\/silenebricet.com\/fr\/wp-json\/wp\/v2\/pages\/4271\/revisions"}],"predecessor-version":[{"id":4527,"href":"https:\/\/silenebricet.com\/fr\/wp-json\/wp\/v2\/pages\/4271\/revisions\/4527"}],"wp:attachment":[{"href":"https:\/\/silenebricet.com\/fr\/wp-json\/wp\/v2\/media?parent=4271"}],"curies":[{"name":"wp","href":"https:\/\/api.w.org\/{rel}","templated":true}]}}